{"id":2852,"date":"2022-10-19T15:59:41","date_gmt":"2022-10-19T13:59:41","guid":{"rendered":"https:\/\/hetportaal.com\/?page_id=2852"},"modified":"2022-10-31T07:23:10","modified_gmt":"2022-10-31T06:23:10","slug":"portaal-check","status":"publish","type":"page","link":"https:\/\/hetportaal.com\/nl\/portaal-check\/","title":{"rendered":"Portaal Check"},"content":{"rendered":"<p>Portaal Check helpt bij het cre\u00ebren van een fijne en veilige werkomgeving. <a href=\"https:\/\/portaalcheck.com\" target=\"_blank\" rel=\"noopener\">Via onze webshop<\/a> leveren wij ergonomisch kantoormeubilair, plug&amp;play apparatuur voor een goed klimaatbeheer, hulpmiddelen voor ziektepreventie en scherp geprijsde kantoorartikelen.<\/p>\n<p>Alhoewel je al onze producten bij ons online kunt bestellen, staan wij je graag te woord voor advies en hulp. Je\u00a0 kunt ons gewoon bellen, zonder naar het nummer te moeten zoeken: +31 (0)75 647 57 47. Je komt dan niet in \u00e9\u00e9n of ander keuzemenu terecht. E\u00e9n van onze mensen neemt direct de telefoon op.<\/p>\n","protected":false},"excerpt":{"rendered":"<p>Portaal Check helpt bij het cre\u00ebren van een fijne en veilige werkomgeving. Via onze webshop leveren wij ergonomisch kantoormeubilair, plug&amp;play apparatuur voor een goed klimaatbeheer, hulpmiddelen voor ziektepreventie en scherp geprijsde kantoorartikelen. Alhoewel je al onze producten bij ons online kunt bestellen, staan wij je graag te woord voor advies en hulp. Je\u00a0 kunt ons gewoon bellen, zonder naar het [&#8230;]<\/p>\n<p><a class=\"btn btn-secondary understrap-read-more-link\" href=\"https:\/\/hetportaal.com\/nl\/portaal-check\/\">Lees verder&#8230;<\/a><\/p>\n","protected":false},"author":4,"featured_media":2857,"parent":0,"menu_order":0,"comment_status":"closed","ping_status":"closed","template":"portaal-check.php","meta":[],"yoast_head":"<!-- This site is optimized with the Yoast SEO plugin v19.5.1 - https:\/\/yoast.com\/wordpress\/plugins\/seo\/ -->\n<title>Portaal Check, een merk van Het Portaal Media<\/title>\n<meta name=\"description\" content=\"Portaal Check helpt bij het cre\u00ebren van een prettige werkomgeving door kantoormeubilair, klimaatbeheer, ziektepreventie en kantoorartikelen.\" \/>\n<meta name=\"robots\" content=\"index, follow, max-snippet:-1, max-image-preview:large, max-video-preview:-1\" \/>\n<link rel=\"canonical\" href=\"https:\/\/hetportaal.com\/nl\/portaal-check\/\" \/>\n<meta property=\"og:locale\" content=\"nl_NL\" \/>\n<meta property=\"og:type\" content=\"article\" \/>\n<meta property=\"og:title\" content=\"Portaal Check, een merk van Het Portaal Media\" \/>\n<meta property=\"og:description\" content=\"Portaal Check helpt bij het cre\u00ebren van een prettige werkomgeving door kantoormeubilair, klimaatbeheer, ziektepreventie en kantoorartikelen.\" \/>\n<meta property=\"og:url\" content=\"https:\/\/hetportaal.com\/nl\/portaal-check\/\" \/>\n<meta property=\"og:site_name\" content=\"Het Portaal Media\" \/>\n<meta property=\"article:modified_time\" content=\"2022-10-31T06:23:10+00:00\" \/>\n<meta property=\"og:image\" content=\"https:\/\/hetportaal.com\/wp-content\/uploads\/2022\/10\/Prettige-werkomgeving.png\" \/>\n\t<meta property=\"og:image:width\" content=\"750\" \/>\n\t<meta property=\"og:image:height\" content=\"500\" \/>\n\t<meta property=\"og:image:type\" content=\"image\/png\" \/>\n<meta name=\"twitter:card\" content=\"summary\" \/>\n<meta name=\"twitter:label1\" content=\"Geschatte leestijd\" \/>\n\t<meta name=\"twitter:data1\" content=\"1 minuut\" \/>\n<script type=\"application\/ld+json\" class=\"yoast-schema-graph\">{\"@context\":\"https:\/\/schema.org\",\"@graph\":[{\"@type\":\"WebPage\",\"@id\":\"https:\/\/hetportaal.com\/nl\/portaal-check\/\",\"url\":\"https:\/\/hetportaal.com\/nl\/portaal-check\/\",\"name\":\"Portaal Check, een merk van Het Portaal Media\",\"isPartOf\":{\"@id\":\"https:\/\/hetportaal.com\/nl\/#website\"},\"datePublished\":\"2022-10-19T13:59:41+00:00\",\"dateModified\":\"2022-10-31T06:23:10+00:00\",\"description\":\"Portaal Check helpt bij het cre\u00ebren van een prettige werkomgeving door kantoormeubilair, klimaatbeheer, ziektepreventie en kantoorartikelen.\",\"breadcrumb\":{\"@id\":\"https:\/\/hetportaal.com\/nl\/portaal-check\/#breadcrumb\"},\"inLanguage\":\"nl\",\"potentialAction\":[{\"@type\":\"ReadAction\",\"target\":[\"https:\/\/hetportaal.com\/nl\/portaal-check\/\"]}]},{\"@type\":\"BreadcrumbList\",\"@id\":\"https:\/\/hetportaal.com\/nl\/portaal-check\/#breadcrumb\",\"itemListElement\":[{\"@type\":\"ListItem\",\"position\":1,\"name\":\"Home\",\"item\":\"https:\/\/hetportaal.com\/nl\/\"},{\"@type\":\"ListItem\",\"position\":2,\"name\":\"Portaal Check\"}]},{\"@type\":\"WebSite\",\"@id\":\"https:\/\/hetportaal.com\/nl\/#website\",\"url\":\"https:\/\/hetportaal.com\/nl\/\",\"name\":\"Het Portaal Media\",\"description\":\"Publisher of PromZ and home of Portaal Check\",\"potentialAction\":[{\"@type\":\"SearchAction\",\"target\":{\"@type\":\"EntryPoint\",\"urlTemplate\":\"https:\/\/hetportaal.com\/nl\/?s={search_term_string}\"},\"query-input\":\"required name=search_term_string\"}],\"inLanguage\":\"nl\"}]}<\/script>\n<!-- \/ Yoast SEO plugin. -->","yoast_head_json":{"title":"Portaal Check, een merk van Het Portaal Media","description":"Portaal Check helpt bij het cre\u00ebren van een prettige werkomgeving door kantoormeubilair, klimaatbeheer, ziektepreventie en kantoorartikelen.","robots":{"index":"index","follow":"follow","max-snippet":"max-snippet:-1","max-image-preview":"max-image-preview:large","max-video-preview":"max-video-preview:-1"},"canonical":"https:\/\/hetportaal.com\/nl\/portaal-check\/","og_locale":"nl_NL","og_type":"article","og_title":"Portaal Check, een merk van Het Portaal Media","og_description":"Portaal Check helpt bij het cre\u00ebren van een prettige werkomgeving door kantoormeubilair, klimaatbeheer, ziektepreventie en kantoorartikelen.","og_url":"https:\/\/hetportaal.com\/nl\/portaal-check\/","og_site_name":"Het Portaal Media","article_modified_time":"2022-10-31T06:23:10+00:00","og_image":[{"width":750,"height":500,"url":"https:\/\/hetportaal.com\/wp-content\/uploads\/2022\/10\/Prettige-werkomgeving.png","type":"image\/png"}],"twitter_card":"summary","twitter_misc":{"Geschatte leestijd":"1 minuut"},"schema":{"@context":"https:\/\/schema.org","@graph":[{"@type":"WebPage","@id":"https:\/\/hetportaal.com\/nl\/portaal-check\/","url":"https:\/\/hetportaal.com\/nl\/portaal-check\/","name":"Portaal Check, een merk van Het Portaal Media","isPartOf":{"@id":"https:\/\/hetportaal.com\/nl\/#website"},"datePublished":"2022-10-19T13:59:41+00:00","dateModified":"2022-10-31T06:23:10+00:00","description":"Portaal Check helpt bij het cre\u00ebren van een prettige werkomgeving door kantoormeubilair, klimaatbeheer, ziektepreventie en kantoorartikelen.","breadcrumb":{"@id":"https:\/\/hetportaal.com\/nl\/portaal-check\/#breadcrumb"},"inLanguage":"nl","potentialAction":[{"@type":"ReadAction","target":["https:\/\/hetportaal.com\/nl\/portaal-check\/"]}]},{"@type":"BreadcrumbList","@id":"https:\/\/hetportaal.com\/nl\/portaal-check\/#breadcrumb","itemListElement":[{"@type":"ListItem","position":1,"name":"Home","item":"https:\/\/hetportaal.com\/nl\/"},{"@type":"ListItem","position":2,"name":"Portaal Check"}]},{"@type":"WebSite","@id":"https:\/\/hetportaal.com\/nl\/#website","url":"https:\/\/hetportaal.com\/nl\/","name":"Het Portaal Media","description":"Publisher of PromZ and home of Portaal Check","potentialAction":[{"@type":"SearchAction","target":{"@type":"EntryPoint","urlTemplate":"https:\/\/hetportaal.com\/nl\/?s={search_term_string}"},"query-input":"required name=search_term_string"}],"inLanguage":"nl"}]}},"_links":{"self":[{"href":"https:\/\/hetportaal.com\/nl\/wp-json\/wp\/v2\/pages\/2852"}],"collection":[{"href":"https:\/\/hetportaal.com\/nl\/wp-json\/wp\/v2\/pages"}],"about":[{"href":"https:\/\/hetportaal.com\/nl\/wp-json\/wp\/v2\/types\/page"}],"author":[{"embeddable":true,"href":"https:\/\/hetportaal.com\/nl\/wp-json\/wp\/v2\/users\/4"}],"replies":[{"embeddable":true,"href":"https:\/\/hetportaal.com\/nl\/wp-json\/wp\/v2\/comments?post=2852"}],"version-history":[{"count":5,"href":"https:\/\/hetportaal.com\/nl\/wp-json\/wp\/v2\/pages\/2852\/revisions"}],"predecessor-version":[{"id":2854,"href":"https:\/\/hetportaal.com\/nl\/wp-json\/wp\/v2\/pages\/2852\/revisions\/2854"}],"wp:featuredmedia":[{"embeddable":true,"href":"https:\/\/hetportaal.com\/nl\/wp-json\/wp\/v2\/media\/2857"}],"wp:attachment":[{"href":"https:\/\/hetportaal.com\/nl\/wp-json\/wp\/v2\/media?parent=2852"}],"curies":[{"name":"wp","href":"https:\/\/api.w.org\/{rel}","templated":true}]}}